{"id":80,"date":"2013-11-23T15:32:28","date_gmt":"2013-11-23T13:32:28","guid":{"rendered":"http:\/\/www.tuoriniemensuku.fi\/?page_id=80"},"modified":"2013-11-30T23:28:16","modified_gmt":"2013-11-30T21:28:16","slug":"ilmoita-muutoksista","status":"publish","type":"page","link":"http:\/\/www.tuoriniemensuku.fi\/?page_id=80","title":{"rendered":"Ilmoita muutoksista"},"content":{"rendered":"<p>Ilmoita t\u00e4ll\u00e4 lomakkeella muutoksista sukututkimustiedoissa (esim. avioliitto\/-ero, lapsen syntym\u00e4, l\u00e4hiomaisen kuolema, nimen muutos). Tiedot menev\u00e4t sukututkimusrekisterin yll\u00e4pit\u00e4j\u00e4lle.<\/p>\n","protected":false},"excerpt":{"rendered":"<p>Ilmoita t\u00e4ll\u00e4 lomakkeella muutoksista sukututkimustiedoissa (esim. avioliitto\/-ero, lapsen syntym\u00e4, l\u00e4hiomaisen kuolema, nimen muutos). Tiedot menev\u00e4t sukututkimusrekisterin yll\u00e4pit\u00e4j\u00e4lle.<\/p>\n","protected":false},"author":1,"featured_media":0,"parent":46,"menu_order":8,"comment_status":"closed","ping_status":"closed","template":"","meta":{"footnotes":""},"_links":{"self":[{"href":"http:\/\/www.tuoriniemensuku.fi\/index.php?rest_route=\/wp\/v2\/pages\/80"}],"collection":[{"href":"http:\/\/www.tuoriniemensuku.fi\/index.php?rest_route=\/wp\/v2\/pages"}],"about":[{"href":"http:\/\/www.tuoriniemensuku.fi\/index.php?rest_route=\/wp\/v2\/types\/page"}],"author":[{"embeddable":true,"href":"http:\/\/www.tuoriniemensuku.fi\/index.php?rest_route=\/wp\/v2\/users\/1"}],"replies":[{"embeddable":true,"href":"http:\/\/www.tuoriniemensuku.fi\/index.php?rest_route=%2Fwp%2Fv2%2Fcomments&post=80"}],"version-history":[{"count":4,"href":"http:\/\/www.tuoriniemensuku.fi\/index.php?rest_route=\/wp\/v2\/pages\/80\/revisions"}],"predecessor-version":[{"id":146,"href":"http:\/\/www.tuoriniemensuku.fi\/index.php?rest_route=\/wp\/v2\/pages\/80\/revisions\/146"}],"up":[{"embeddable":true,"href":"http:\/\/www.tuoriniemensuku.fi\/index.php?rest_route=\/wp\/v2\/pages\/46"}],"wp:attachment":[{"href":"http:\/\/www.tuoriniemensuku.fi\/index.php?rest_route=%2Fwp%2Fv2%2Fmedia&parent=80"}],"curies":[{"name":"wp","href":"https:\/\/api.w.org\/{rel}","templated":true}]}}