{"id":12,"date":"2013-11-06T11:37:28","date_gmt":"2013-11-06T09:37:28","guid":{"rendered":"http:\/\/www.tuoriniemensuku.fi\/?page_id=12"},"modified":"2013-12-29T15:31:49","modified_gmt":"2013-12-29T13:31:49","slug":"jasenyys","status":"publish","type":"page","link":"https:\/\/www.tuoriniemensuku.fi\/?page_id=12","title":{"rendered":"J\u00e4senyys"},"content":{"rendered":"<p>Tuoriniemen sukuseura ry:n j\u00e4seneksi p\u00e4\u00e4see jokainen halukas. Kantavanhempien Elias Tuoriniemen ja Matleena o.s. Hynyn j\u00e4lkel\u00e4iset ja heid\u00e4n puolisonsa p\u00e4\u00e4sev\u00e4t varsinaisiksi j\u00e4seniksi, muut kannatusj\u00e4seniksi. J\u00e4senmaksu on t\u00e4ll\u00e4 hetkell\u00e4 15 euroa kalenterivuodelta. Ainaisj\u00e4seneksi p\u00e4\u00e4see maksamalla kerralla 20 vuoden j\u00e4senmaksun. Mik\u00e4li haluat liitty\u00e4 yhdistykseemme, ilmoita tietosi sihteerillemme <a href=\"http:\/\/www.tuoriniemensuku.fi\/?page_id=144\" title=\"Liity j\u00e4seneksi\">s\u00e4hk\u00f6isell\u00e4 lomakkeellamme<\/a>.<\/p>\n","protected":false},"excerpt":{"rendered":"<p>Tuoriniemen sukuseura ry:n j\u00e4seneksi p\u00e4\u00e4see jokainen halukas. Kantavanhempien Elias Tuoriniemen ja Matleena o.s. Hynyn j\u00e4lkel\u00e4iset ja heid\u00e4n puolisonsa p\u00e4\u00e4sev\u00e4t varsinaisiksi j\u00e4seniksi, muut kannatusj\u00e4seniksi. J\u00e4senmaksu on t\u00e4ll\u00e4 hetkell\u00e4 15 euroa kalenterivuodelta. Ainaisj\u00e4seneksi p\u00e4\u00e4see maksamalla kerralla 20 vuoden j\u00e4senmaksun. Mik\u00e4li haluat liitty\u00e4 yhdistykseemme, ilmoita tietosi sihteerillemme s\u00e4hk\u00f6isell\u00e4 lomakkeellamme.<\/p>\n","protected":false},"author":1,"featured_media":0,"parent":0,"menu_order":4,"comment_status":"closed","ping_status":"closed","template":"","meta":{"footnotes":""},"_links":{"self":[{"href":"https:\/\/www.tuoriniemensuku.fi\/index.php?rest_route=\/wp\/v2\/pages\/12"}],"collection":[{"href":"https:\/\/www.tuoriniemensuku.fi\/index.php?rest_route=\/wp\/v2\/pages"}],"about":[{"href":"https:\/\/www.tuoriniemensuku.fi\/index.php?rest_route=\/wp\/v2\/types\/page"}],"author":[{"embeddable":true,"href":"https:\/\/www.tuoriniemensuku.fi\/index.php?rest_route=\/wp\/v2\/users\/1"}],"replies":[{"embeddable":true,"href":"https:\/\/www.tuoriniemensuku.fi\/index.php?rest_route=%2Fwp%2Fv2%2Fcomments&post=12"}],"version-history":[{"count":25,"href":"https:\/\/www.tuoriniemensuku.fi\/index.php?rest_route=\/wp\/v2\/pages\/12\/revisions"}],"predecessor-version":[{"id":222,"href":"https:\/\/www.tuoriniemensuku.fi\/index.php?rest_route=\/wp\/v2\/pages\/12\/revisions\/222"}],"wp:attachment":[{"href":"https:\/\/www.tuoriniemensuku.fi\/index.php?rest_route=%2Fwp%2Fv2%2Fmedia&parent=12"}],"curies":[{"name":"wp","href":"https:\/\/api.w.org\/{rel}","templated":true}]}}