{"id":14,"date":"2013-11-06T11:37:55","date_gmt":"2013-11-06T09:37:55","guid":{"rendered":"http:\/\/www.tuoriniemensuku.fi\/?page_id=14"},"modified":"2022-07-07T14:31:36","modified_gmt":"2022-07-07T11:31:36","slug":"hallitus","status":"publish","type":"page","link":"https:\/\/www.tuoriniemensuku.fi\/?page_id=14","title":{"rendered":"Hallitus"},"content":{"rendered":"<p>Alla on hallituksen kokoonpano kes\u00e4n 2022 sukukokoukseen asti. Roskapostin est\u00e4miseksi s\u00e4hk\u00f6postiosoitteet on esitetty kuvina.<\/p>\n<p>Matti Niemi, puheenjohtaja<br \/>\n<a href=\"http:\/\/www.tuoriniemensuku.fi\/wp-content\/uploads\/2022\/07\/niemenmatinemail.jpg\"><img loading=\"lazy\" decoding=\"async\" class=\"alignnone wp-image-454 size-full\" src=\"http:\/\/www.tuoriniemensuku.fi\/wp-content\/uploads\/2022\/07\/niemenmatinemail.jpg\" alt=\"\" width=\"187\" height=\"35\" \/><\/a><br \/>\nJyv\u00e4skyl\u00e4<br \/>\n044 294 3641<\/p>\n<p>Merja Tuoriniemi, varapuheenjohtaja<br \/>\n<a href=\"http:\/\/www.tuoriniemensuku.fi\/wp-content\/uploads\/2013\/11\/MerjaT-email.jpg\"><img loading=\"lazy\" decoding=\"async\" class=\"alignnone size-full wp-image-177\" src=\"http:\/\/www.tuoriniemensuku.fi\/wp-content\/uploads\/2013\/11\/MerjaT-email.jpg\" alt=\"MerjaT-email\" width=\"246\" height=\"57\" \/><\/a><br \/>\nPyh\u00e4j\u00e4rvi<br \/>\n0400 820 346<\/p>\n<p>Heli Marjoniemi<br \/>\nHaapaj\u00e4rvi<\/p>\n<p>Antto Miettinen<br \/>\nKiuruvesi<\/p>\n<p>Kati Tuoriniemi<br \/>\nK\u00e4rs\u00e4m\u00e4ki<\/p>\n","protected":false},"excerpt":{"rendered":"<p>Alla on hallituksen kokoonpano kes\u00e4n 2022 sukukokoukseen asti. Roskapostin est\u00e4miseksi s\u00e4hk\u00f6postiosoitteet on esitetty kuvina. Matti Niemi, puheenjohtaja Jyv\u00e4skyl\u00e4 044 294 3641 Merja Tuoriniemi, varapuheenjohtaja Pyh\u00e4j\u00e4rvi 0400 820 346 Heli Marjoniemi Haapaj\u00e4rvi Antto Miettinen Kiuruvesi Kati Tuoriniemi K\u00e4rs\u00e4m\u00e4ki<\/p>\n","protected":false},"author":1,"featured_media":0,"parent":132,"menu_order":1,"comment_status":"closed","ping_status":"closed","template":"","meta":{"footnotes":""},"_links":{"self":[{"href":"https:\/\/www.tuoriniemensuku.fi\/index.php?rest_route=\/wp\/v2\/pages\/14"}],"collection":[{"href":"https:\/\/www.tuoriniemensuku.fi\/index.php?rest_route=\/wp\/v2\/pages"}],"about":[{"href":"https:\/\/www.tuoriniemensuku.fi\/index.php?rest_route=\/wp\/v2\/types\/page"}],"author":[{"embeddable":true,"href":"https:\/\/www.tuoriniemensuku.fi\/index.php?rest_route=\/wp\/v2\/users\/1"}],"replies":[{"embeddable":true,"href":"https:\/\/www.tuoriniemensuku.fi\/index.php?rest_route=%2Fwp%2Fv2%2Fcomments&post=14"}],"version-history":[{"count":40,"href":"https:\/\/www.tuoriniemensuku.fi\/index.php?rest_route=\/wp\/v2\/pages\/14\/revisions"}],"predecessor-version":[{"id":455,"href":"https:\/\/www.tuoriniemensuku.fi\/index.php?rest_route=\/wp\/v2\/pages\/14\/revisions\/455"}],"up":[{"embeddable":true,"href":"https:\/\/www.tuoriniemensuku.fi\/index.php?rest_route=\/wp\/v2\/pages\/132"}],"wp:attachment":[{"href":"https:\/\/www.tuoriniemensuku.fi\/index.php?rest_route=%2Fwp%2Fv2%2Fmedia&parent=14"}],"curies":[{"name":"wp","href":"https:\/\/api.w.org\/{rel}","templated":true}]}}