{"id":144,"date":"2013-11-30T23:22:57","date_gmt":"2013-11-30T21:22:57","guid":{"rendered":"http:\/\/www.tuoriniemensuku.fi\/?page_id=144"},"modified":"2013-12-01T15:58:33","modified_gmt":"2013-12-01T13:58:33","slug":"liity-jaseneksi-3","status":"publish","type":"page","link":"https:\/\/www.tuoriniemensuku.fi\/?page_id=144","title":{"rendered":"Liity j\u00e4seneksi"},"content":{"rendered":"<p>Jos haluat liitty\u00e4 Tuoriniemen sukuseuran j\u00e4seneksi, t\u00e4yt\u00e4 alla oleva lomake. Tiedot menev\u00e4t j\u00e4senrekisterin pit\u00e4j\u00e4lle.<\/p>\n","protected":false},"excerpt":{"rendered":"<p>Jos haluat liitty\u00e4 Tuoriniemen sukuseuran j\u00e4seneksi, t\u00e4yt\u00e4 alla oleva lomake. Tiedot menev\u00e4t j\u00e4senrekisterin pit\u00e4j\u00e4lle.<\/p>\n","protected":false},"author":2,"featured_media":0,"parent":12,"menu_order":2,"comment_status":"closed","ping_status":"closed","template":"","meta":{"footnotes":""},"_links":{"self":[{"href":"https:\/\/www.tuoriniemensuku.fi\/index.php?rest_route=\/wp\/v2\/pages\/144"}],"collection":[{"href":"https:\/\/www.tuoriniemensuku.fi\/index.php?rest_route=\/wp\/v2\/pages"}],"about":[{"href":"https:\/\/www.tuoriniemensuku.fi\/index.php?rest_route=\/wp\/v2\/types\/page"}],"author":[{"embeddable":true,"href":"https:\/\/www.tuoriniemensuku.fi\/index.php?rest_route=\/wp\/v2\/users\/2"}],"replies":[{"embeddable":true,"href":"https:\/\/www.tuoriniemensuku.fi\/index.php?rest_route=%2Fwp%2Fv2%2Fcomments&post=144"}],"version-history":[{"count":1,"href":"https:\/\/www.tuoriniemensuku.fi\/index.php?rest_route=\/wp\/v2\/pages\/144\/revisions"}],"predecessor-version":[{"id":145,"href":"https:\/\/www.tuoriniemensuku.fi\/index.php?rest_route=\/wp\/v2\/pages\/144\/revisions\/145"}],"up":[{"embeddable":true,"href":"https:\/\/www.tuoriniemensuku.fi\/index.php?rest_route=\/wp\/v2\/pages\/12"}],"wp:attachment":[{"href":"https:\/\/www.tuoriniemensuku.fi\/index.php?rest_route=%2Fwp%2Fv2%2Fmedia&parent=144"}],"curies":[{"name":"wp","href":"https:\/\/api.w.org\/{rel}","templated":true}]}}