{"id":249,"date":"2014-06-09T23:30:53","date_gmt":"2014-06-09T20:30:53","guid":{"rendered":"http:\/\/www.tuoriniemensuku.fi\/?page_id=249"},"modified":"2015-05-30T00:08:17","modified_gmt":"2015-05-29T21:08:17","slug":"sukujuhlan-ohjelma","status":"publish","type":"page","link":"https:\/\/www.tuoriniemensuku.fi\/?page_id=249","title":{"rendered":"Sukujuhlan ohjelma"},"content":{"rendered":"<p>SUKUJUHLAAN<br \/>\novat kaikki Tuoriniemen sukuun kuuluvat tervetulleita!<\/p>\n<p>Lauantai 4.7.<br \/>\n11.00 Sukujuhlien avaus<br \/>\n11.15 Tuoriniemen suku 250 vuotta, suvun historiaa, Matti Niemi<br \/>\n13.00 Ruokailu (j\u00e4senille maksuton, muille edullinen)<br \/>\n13.50 Yhteiskuvaus<br \/>\n14.00 Sukuseuran s\u00e4\u00e4nt\u00f6m\u00e4\u00e4r\u00e4inen vuosikokous. Kokouksessa valitaan sukuseuralle vaakuna.<br \/>\n15.00 T\u00e4ytekakkukahvit<\/p>\n<p>Ohjelmaan voi viel\u00e4 tulla pieni\u00e4 muutoksia.<\/p>\n<p>Sunnuntai 5.7.<br \/>\n12.00 Kiertoajelu Pyh\u00e4j\u00e4rvell\u00e4 suvun vanhoilla asuinpaikoilla, mm. Tuoriniemess\u00e4. L\u00e4ht\u00f6 Ikosen koululta. Retki kest\u00e4\u00e4 noin kaksi tuntia.<\/p>\n<p>Hallitus toivottaa kaikki sukulaiset TERVETULLEIKSI!<\/p>\n<p>Sukujuhlaan ja kiertoajelulle on <strong>pakollinen ennakkoilmoittauminen<\/strong> ruokailun ja linja-autokyydin j\u00e4rjestelyjen vuoksi.<\/p>\n<p>Ilmoittautumiset sukuseuran sihteerille 28.6. menness\u00e4:<br \/>\nKati Kyll\u00f6nen puh. 040 561 3365, s\u00e4hk\u00f6posti kati.kyllonen@kotinet.com (25.-28.6. joko tekstiviesti tai s\u00e4hk\u00f6posti, ei puheluita) <\/p>\n","protected":false},"excerpt":{"rendered":"<p>SUKUJUHLAAN ovat kaikki Tuoriniemen sukuun kuuluvat tervetulleita! Lauantai 4.7. 11.00 Sukujuhlien avaus 11.15 Tuoriniemen suku 250 vuotta, suvun historiaa, Matti Niemi 13.00 Ruokailu (j\u00e4senille maksuton, muille edullinen) 13.50 Yhteiskuvaus 14.00 Sukuseuran s\u00e4\u00e4nt\u00f6m\u00e4\u00e4r\u00e4inen vuosikokous. Kokouksessa valitaan sukuseuralle vaakuna. 15.00 T\u00e4ytekakkukahvit Ohjelmaan voi viel\u00e4 tulla pieni\u00e4 muutoksia. Sunnuntai 5.7. 12.00 Kiertoajelu Pyh\u00e4j\u00e4rvell\u00e4 suvun vanhoilla asuinpaikoilla, mm. Tuoriniemess\u00e4. [&hellip;]<\/p>\n","protected":false},"author":2,"featured_media":0,"parent":8,"menu_order":1,"comment_status":"closed","ping_status":"closed","template":"","meta":{"footnotes":""},"_links":{"self":[{"href":"https:\/\/www.tuoriniemensuku.fi\/index.php?rest_route=\/wp\/v2\/pages\/249"}],"collection":[{"href":"https:\/\/www.tuoriniemensuku.fi\/index.php?rest_route=\/wp\/v2\/pages"}],"about":[{"href":"https:\/\/www.tuoriniemensuku.fi\/index.php?rest_route=\/wp\/v2\/types\/page"}],"author":[{"embeddable":true,"href":"https:\/\/www.tuoriniemensuku.fi\/index.php?rest_route=\/wp\/v2\/users\/2"}],"replies":[{"embeddable":true,"href":"https:\/\/www.tuoriniemensuku.fi\/index.php?rest_route=%2Fwp%2Fv2%2Fcomments&post=249"}],"version-history":[{"count":6,"href":"https:\/\/www.tuoriniemensuku.fi\/index.php?rest_route=\/wp\/v2\/pages\/249\/revisions"}],"predecessor-version":[{"id":351,"href":"https:\/\/www.tuoriniemensuku.fi\/index.php?rest_route=\/wp\/v2\/pages\/249\/revisions\/351"}],"up":[{"embeddable":true,"href":"https:\/\/www.tuoriniemensuku.fi\/index.php?rest_route=\/wp\/v2\/pages\/8"}],"wp:attachment":[{"href":"https:\/\/www.tuoriniemensuku.fi\/index.php?rest_route=%2Fwp%2Fv2%2Fmedia&parent=249"}],"curies":[{"name":"wp","href":"https:\/\/api.w.org\/{rel}","templated":true}]}}