{"id":255,"date":"2014-06-10T00:03:46","date_gmt":"2014-06-09T21:03:46","guid":{"rendered":"http:\/\/www.tuoriniemensuku.fi\/?page_id=255"},"modified":"2015-05-30T00:11:22","modified_gmt":"2015-05-29T21:11:22","slug":"sukukokous-2014","status":"publish","type":"page","link":"https:\/\/www.tuoriniemensuku.fi\/?page_id=255","title":{"rendered":"Sukukokous 2015"},"content":{"rendered":"<p>TUORINIEMEN SUKUSEURA RY:N<br \/>\nS\u00c4\u00c4NT\u00d6M\u00c4\u00c4R\u00c4INEN VUOSIKOKOUS<br \/>\nAika: 4.7.2015 klo 14.<br \/>\nPaikka: Ikosen koulu, Pyh\u00e4j\u00e4rventie 4, 86800 Pyh\u00e4salmi<\/p>\n<p>Asialista:<br \/>\n1. Kokouksen avaus<br \/>\n2. Valitaan kokouksen puheenjohtaja, sihteeri, kaksi p\u00f6yt\u00e4kirjantarkastajaa ja tarvittaessa kaksi \u00e4\u00e4ntenlaskijaa<br \/>\n3. Todetaan kokouksen laillisuus ja p\u00e4\u00e4t\u00f6svaltaisuus<br \/>\n4. Hyv\u00e4ksyt\u00e4\u00e4n kokouksen ty\u00f6j\u00e4rjestys<br \/>\n5. Esitet\u00e4\u00e4n tilikausittain tilinp\u00e4\u00e4t\u00f6s, vuosikertomus ja toiminnantarkastajan lausunto<br \/>\n6. P\u00e4\u00e4tet\u00e4\u00e4n tilinp\u00e4\u00e4t\u00f6ksen vahvistamisesta ja vastuuvapauden my\u00f6nt\u00e4misest\u00e4 hallitukselle ja muille vastuuvelvollisille<br \/>\n7. Vahvistetaan toimintasuunnitelma, tulo- ja menoarvio sek\u00e4 liittymis- ja j\u00e4senmaksujen suuruudet seuraavaksi toimikaudeksi<br \/>\n8. P\u00e4\u00e4tet\u00e4\u00e4n hallitukseen valittavien varsinaisten j\u00e4senten ja varaj\u00e4senten lukum\u00e4\u00e4r\u00e4st\u00e4<br \/>\n9. Valitaan hallituksen puheenjohtaja ja muut j\u00e4senet ja mahdolliset varaj\u00e4senet<br \/>\n10. Valitaan toiminnantarkastaja ja t\u00e4lle varahenkil\u00f6 seuraavaksi toimikaudeksi<br \/>\n11. K\u00e4sitell\u00e4\u00e4n muut kokouskutsussa mainitut asiat.<br \/>\n&#8211; Sukuseuran vaakunasta p\u00e4\u00e4tt\u00e4minen<br \/>\n&#8211; Sukukirjaprojektin tilanne<br \/>\n12. Kokouksen p\u00e4\u00e4tt\u00e4minen<\/p>\n<p>Hallitus<\/p>\n<p>Kokouskutsun liitteet julkaistaan piakkoin pdf-tiedostona.<\/p>\n","protected":false},"excerpt":{"rendered":"<p>TUORINIEMEN SUKUSEURA RY:N S\u00c4\u00c4NT\u00d6M\u00c4\u00c4R\u00c4INEN VUOSIKOKOUS Aika: 4.7.2015 klo 14. Paikka: Ikosen koulu, Pyh\u00e4j\u00e4rventie 4, 86800 Pyh\u00e4salmi Asialista: 1. Kokouksen avaus 2. Valitaan kokouksen puheenjohtaja, sihteeri, kaksi p\u00f6yt\u00e4kirjantarkastajaa ja tarvittaessa kaksi \u00e4\u00e4ntenlaskijaa 3. Todetaan kokouksen laillisuus ja p\u00e4\u00e4t\u00f6svaltaisuus 4. Hyv\u00e4ksyt\u00e4\u00e4n kokouksen ty\u00f6j\u00e4rjestys 5. Esitet\u00e4\u00e4n tilikausittain tilinp\u00e4\u00e4t\u00f6s, vuosikertomus ja toiminnantarkastajan lausunto 6. P\u00e4\u00e4tet\u00e4\u00e4n tilinp\u00e4\u00e4t\u00f6ksen vahvistamisesta ja vastuuvapauden [&hellip;]<\/p>\n","protected":false},"author":2,"featured_media":0,"parent":8,"menu_order":0,"comment_status":"closed","ping_status":"closed","template":"","meta":{"footnotes":""},"_links":{"self":[{"href":"https:\/\/www.tuoriniemensuku.fi\/index.php?rest_route=\/wp\/v2\/pages\/255"}],"collection":[{"href":"https:\/\/www.tuoriniemensuku.fi\/index.php?rest_route=\/wp\/v2\/pages"}],"about":[{"href":"https:\/\/www.tuoriniemensuku.fi\/index.php?rest_route=\/wp\/v2\/types\/page"}],"author":[{"embeddable":true,"href":"https:\/\/www.tuoriniemensuku.fi\/index.php?rest_route=\/wp\/v2\/users\/2"}],"replies":[{"embeddable":true,"href":"https:\/\/www.tuoriniemensuku.fi\/index.php?rest_route=%2Fwp%2Fv2%2Fcomments&post=255"}],"version-history":[{"count":11,"href":"https:\/\/www.tuoriniemensuku.fi\/index.php?rest_route=\/wp\/v2\/pages\/255\/revisions"}],"predecessor-version":[{"id":352,"href":"https:\/\/www.tuoriniemensuku.fi\/index.php?rest_route=\/wp\/v2\/pages\/255\/revisions\/352"}],"up":[{"embeddable":true,"href":"https:\/\/www.tuoriniemensuku.fi\/index.php?rest_route=\/wp\/v2\/pages\/8"}],"wp:attachment":[{"href":"https:\/\/www.tuoriniemensuku.fi\/index.php?rest_route=%2Fwp%2Fv2%2Fmedia&parent=255"}],"curies":[{"name":"wp","href":"https:\/\/api.w.org\/{rel}","templated":true}]}}