{"id":272,"date":"2014-07-19T21:23:01","date_gmt":"2014-07-19T18:23:01","guid":{"rendered":"http:\/\/www.tuoriniemensuku.fi\/?page_id=272"},"modified":"2014-07-19T22:14:05","modified_gmt":"2014-07-19T19:14:05","slug":"sukujuhla-2014","status":"publish","type":"page","link":"https:\/\/www.tuoriniemensuku.fi\/?page_id=272","title":{"rendered":"Sukujuhla 2014"},"content":{"rendered":"<p>Tuoriniemet viettiv\u00e4t ensimm\u00e4ist\u00e4 sukujuhlaansa 12.7.2014 Pyh\u00e4j\u00e4rvell\u00e4 Inmet-Areenalla. Paikalla oli eri vaiheissa yhteens\u00e4 noin 90 suvusta kiinnostunutta.<br \/>\n<a href=\"http:\/\/www.tuoriniemensuku.fi\/wp-content\/uploads\/2014\/07\/Ryhm\u00e4kuva-2014.jpg\"><img loading=\"lazy\" decoding=\"async\" src=\"http:\/\/www.tuoriniemensuku.fi\/wp-content\/uploads\/2014\/07\/Ryhm\u00e4kuva-2014-300x151.jpg\" alt=\"Ryhm\u00e4kuva 2014\" width=\"300\" height=\"151\" class=\"alignnone size-medium wp-image-273\" srcset=\"https:\/\/www.tuoriniemensuku.fi\/wp-content\/uploads\/2014\/07\/Ryhm\u00e4kuva-2014-300x151.jpg 300w, https:\/\/www.tuoriniemensuku.fi\/wp-content\/uploads\/2014\/07\/Ryhm\u00e4kuva-2014-1024x518.jpg 1024w, https:\/\/www.tuoriniemensuku.fi\/wp-content\/uploads\/2014\/07\/Ryhm\u00e4kuva-2014-624x315.jpg 624w\" sizes=\"(max-width: 300px) 100vw, 300px\" \/><\/a><br \/>\nKuvan saa koko n\u00e4ytt\u00f6\u00f6n hiirell\u00e4 klikkaamalla.<\/p>\n<p><a href=\"http:\/\/www.tuoriniemensuku.fi\/wp-content\/uploads\/2014\/07\/Reetta-Manninen-2014.jpg\"><img loading=\"lazy\" decoding=\"async\" src=\"http:\/\/www.tuoriniemensuku.fi\/wp-content\/uploads\/2014\/07\/Reetta-Manninen-2014-212x300.jpg\" alt=\"Reetta Manninen 2014\" width=\"212\" height=\"300\" class=\"alignnone size-medium wp-image-277\" srcset=\"https:\/\/www.tuoriniemensuku.fi\/wp-content\/uploads\/2014\/07\/Reetta-Manninen-2014-212x300.jpg 212w, https:\/\/www.tuoriniemensuku.fi\/wp-content\/uploads\/2014\/07\/Reetta-Manninen-2014-726x1024.jpg 726w, https:\/\/www.tuoriniemensuku.fi\/wp-content\/uploads\/2014\/07\/Reetta-Manninen-2014-624x879.jpg 624w, https:\/\/www.tuoriniemensuku.fi\/wp-content\/uploads\/2014\/07\/Reetta-Manninen-2014.jpg 1358w\" sizes=\"(max-width: 212px) 100vw, 212px\" \/><\/a> <a href=\"http:\/\/www.tuoriniemensuku.fi\/wp-content\/uploads\/2014\/07\/Martti-Tuoriniemi.jpg\"><img loading=\"lazy\" decoding=\"async\" src=\"http:\/\/www.tuoriniemensuku.fi\/wp-content\/uploads\/2014\/07\/Martti-Tuoriniemi-228x300.jpg\" alt=\"Martti Tuoriniemi\" width=\"228\" height=\"300\" class=\"alignnone size-medium wp-image-278\" srcset=\"https:\/\/www.tuoriniemensuku.fi\/wp-content\/uploads\/2014\/07\/Martti-Tuoriniemi-228x300.jpg 228w, https:\/\/www.tuoriniemensuku.fi\/wp-content\/uploads\/2014\/07\/Martti-Tuoriniemi-781x1024.jpg 781w, https:\/\/www.tuoriniemensuku.fi\/wp-content\/uploads\/2014\/07\/Martti-Tuoriniemi-624x817.jpg 624w, https:\/\/www.tuoriniemensuku.fi\/wp-content\/uploads\/2014\/07\/Martti-Tuoriniemi.jpg 1823w\" sizes=\"(max-width: 228px) 100vw, 228px\" \/><\/a><br \/>\nReetta Manninen soitti selloa. Martti Tuoriniemi kertoi perinteisen Tuorlaispuukon nykyaikaisesta valmistamisesta. Esityksens\u00e4 materiaalin h\u00e4n oli saanut suvun nykyiselt\u00e4 puukkosep\u00e4lt\u00e4 Timo K\u00e4hk\u00f6selt\u00e4. Lue <a href=\"http:\/\/www.tuoriniemensuku.fi\/wp-content\/uploads\/2014\/07\/Tuorlainen-puukko.pdf\">Tuorlainen puukko<\/a>. Esityksen kuvissa n\u00e4kyy Timo K\u00e4hk\u00f6nen. T\u00e4st\u00e4, kuten muistakin esityksist\u00e4, paikalla olleet kuulivat huomattavasti oheista pdf-esityst\u00e4 laajemman suullisen selvityksen.<\/p>\n<p>Matti Niemi kertoi Tuoriniemien sukupuusta ja -juurista sek\u00e4 tuoretta geenitesteill\u00e4 saatua tietoa suvun esi-isien asuinpaikoista tuhansia vuosia sitten. Lue <a href=\"http:\/\/www.tuoriniemensuku.fi\/wp-content\/uploads\/2014\/07\/Sukuluento-2014.pdf\">Sukuluento 2014<\/a>. Sukujuhlien lopuksi h\u00e4n kertoi isois\u00e4ns\u00e4 isois\u00e4st\u00e4 Aatami Tuoriniemest\u00e4\/Niemest\u00e4, jonka syntym\u00e4st\u00e4 tuli kev\u00e4\u00e4ll\u00e4 2014 kuluneeksi 200 vuotta. Lue <a href=\"http:\/\/www.tuoriniemensuku.fi\/wp-content\/uploads\/2014\/07\/Aatami-200-v.pdf\">Aatami 200 v<\/a>. Toisin kuin esityksess\u00e4 v\u00e4itet\u00e4\u00e4n, pastori Jonas Lagus oli kappalainen eik\u00e4 kirkkoherra.<\/p>\n","protected":false},"excerpt":{"rendered":"<p>Tuoriniemet viettiv\u00e4t ensimm\u00e4ist\u00e4 sukujuhlaansa 12.7.2014 Pyh\u00e4j\u00e4rvell\u00e4 Inmet-Areenalla. Paikalla oli eri vaiheissa yhteens\u00e4 noin 90 suvusta kiinnostunutta. Kuvan saa koko n\u00e4ytt\u00f6\u00f6n hiirell\u00e4 klikkaamalla. Reetta Manninen soitti selloa. Martti Tuoriniemi kertoi perinteisen Tuorlaispuukon nykyaikaisesta valmistamisesta. Esityksens\u00e4 materiaalin h\u00e4n oli saanut suvun nykyiselt\u00e4 puukkosep\u00e4lt\u00e4 Timo K\u00e4hk\u00f6selt\u00e4. Lue Tuorlainen puukko. Esityksen kuvissa n\u00e4kyy Timo K\u00e4hk\u00f6nen. T\u00e4st\u00e4, kuten muistakin esityksist\u00e4, [&hellip;]<\/p>\n","protected":false},"author":2,"featured_media":0,"parent":10,"menu_order":0,"comment_status":"closed","ping_status":"closed","template":"","meta":{"footnotes":""},"_links":{"self":[{"href":"https:\/\/www.tuoriniemensuku.fi\/index.php?rest_route=\/wp\/v2\/pages\/272"}],"collection":[{"href":"https:\/\/www.tuoriniemensuku.fi\/index.php?rest_route=\/wp\/v2\/pages"}],"about":[{"href":"https:\/\/www.tuoriniemensuku.fi\/index.php?rest_route=\/wp\/v2\/types\/page"}],"author":[{"embeddable":true,"href":"https:\/\/www.tuoriniemensuku.fi\/index.php?rest_route=\/wp\/v2\/users\/2"}],"replies":[{"embeddable":true,"href":"https:\/\/www.tuoriniemensuku.fi\/index.php?rest_route=%2Fwp%2Fv2%2Fcomments&post=272"}],"version-history":[{"count":17,"href":"https:\/\/www.tuoriniemensuku.fi\/index.php?rest_route=\/wp\/v2\/pages\/272\/revisions"}],"predecessor-version":[{"id":305,"href":"https:\/\/www.tuoriniemensuku.fi\/index.php?rest_route=\/wp\/v2\/pages\/272\/revisions\/305"}],"up":[{"embeddable":true,"href":"https:\/\/www.tuoriniemensuku.fi\/index.php?rest_route=\/wp\/v2\/pages\/10"}],"wp:attachment":[{"href":"https:\/\/www.tuoriniemensuku.fi\/index.php?rest_route=%2Fwp%2Fv2%2Fmedia&parent=272"}],"curies":[{"name":"wp","href":"https:\/\/api.w.org\/{rel}","templated":true}]}}