{"id":34,"date":"2013-11-19T22:00:44","date_gmt":"2013-11-19T20:00:44","guid":{"rendered":"http:\/\/www.tuoriniemensuku.fi\/?page_id=34"},"modified":"2014-01-05T14:05:12","modified_gmt":"2014-01-05T12:05:12","slug":"jasenrekisteri","status":"publish","type":"page","link":"https:\/\/www.tuoriniemensuku.fi\/?page_id=34","title":{"rendered":"J\u00e4senrekisteri"},"content":{"rendered":"<p>Tuoriniemen sukuseura ry pit\u00e4\u00e4 j\u00e4senist\u00e4\u00e4n rekisteri\u00e4, joka sis\u00e4lt\u00e4\u00e4 esimerkiksi henkil\u00f6iden yksil\u00f6inti- (mm. nimi, syntym\u00e4aika) ja yhteystiedot. Jokaisella rekisteriin kuuluvalla on oikeus tarkistaa itse\u00e4\u00e4n koskevat tiedot rekisterin kulloiseltakin yll\u00e4pit\u00e4j\u00e4lt\u00e4. T\u00e4sm\u00e4lliset tiedot rekisteriin ker\u00e4tt\u00e4vist\u00e4 tiedoista, tietojen hallinnoinnista sek\u00e4 rekisterin yll\u00e4pit\u00e4j\u00e4st\u00e4 l\u00f6ytyv\u00e4t <a href=\"http:\/\/www.tuoriniemensuku.fi\/wp-content\/uploads\/2013\/12\/JRS20122013.pdf\">j\u00e4senrekisteriselosteesta<\/a> (pdf).<\/p>\n","protected":false},"excerpt":{"rendered":"<p>Tuoriniemen sukuseura ry pit\u00e4\u00e4 j\u00e4senist\u00e4\u00e4n rekisteri\u00e4, joka sis\u00e4lt\u00e4\u00e4 esimerkiksi henkil\u00f6iden yksil\u00f6inti- (mm. nimi, syntym\u00e4aika) ja yhteystiedot. Jokaisella rekisteriin kuuluvalla on oikeus tarkistaa itse\u00e4\u00e4n koskevat tiedot rekisterin kulloiseltakin yll\u00e4pit\u00e4j\u00e4lt\u00e4. T\u00e4sm\u00e4lliset tiedot rekisteriin ker\u00e4tt\u00e4vist\u00e4 tiedoista, tietojen hallinnoinnista sek\u00e4 rekisterin yll\u00e4pit\u00e4j\u00e4st\u00e4 l\u00f6ytyv\u00e4t j\u00e4senrekisteriselosteesta (pdf).<\/p>\n","protected":false},"author":1,"featured_media":0,"parent":12,"menu_order":0,"comment_status":"closed","ping_status":"closed","template":"","meta":{"footnotes":""},"_links":{"self":[{"href":"https:\/\/www.tuoriniemensuku.fi\/index.php?rest_route=\/wp\/v2\/pages\/34"}],"collection":[{"href":"https:\/\/www.tuoriniemensuku.fi\/index.php?rest_route=\/wp\/v2\/pages"}],"about":[{"href":"https:\/\/www.tuoriniemensuku.fi\/index.php?rest_route=\/wp\/v2\/types\/page"}],"author":[{"embeddable":true,"href":"https:\/\/www.tuoriniemensuku.fi\/index.php?rest_route=\/wp\/v2\/users\/1"}],"replies":[{"embeddable":true,"href":"https:\/\/www.tuoriniemensuku.fi\/index.php?rest_route=%2Fwp%2Fv2%2Fcomments&post=34"}],"version-history":[{"count":13,"href":"https:\/\/www.tuoriniemensuku.fi\/index.php?rest_route=\/wp\/v2\/pages\/34\/revisions"}],"predecessor-version":[{"id":68,"href":"https:\/\/www.tuoriniemensuku.fi\/index.php?rest_route=\/wp\/v2\/pages\/34\/revisions\/68"}],"up":[{"embeddable":true,"href":"https:\/\/www.tuoriniemensuku.fi\/index.php?rest_route=\/wp\/v2\/pages\/12"}],"wp:attachment":[{"href":"https:\/\/www.tuoriniemensuku.fi\/index.php?rest_route=%2Fwp%2Fv2%2Fmedia&parent=34"}],"curies":[{"name":"wp","href":"https:\/\/api.w.org\/{rel}","templated":true}]}}