{"id":46,"date":"2013-11-19T22:29:01","date_gmt":"2013-11-19T20:29:01","guid":{"rendered":"http:\/\/www.tuoriniemensuku.fi\/?page_id=46"},"modified":"2014-07-19T22:37:56","modified_gmt":"2014-07-19T19:37:56","slug":"sukututkimus","status":"publish","type":"page","link":"https:\/\/www.tuoriniemensuku.fi\/?page_id=46","title":{"rendered":"Sukututkimus"},"content":{"rendered":"<p>Tuoriniemen suvun kantais\u00e4 Elias Niilonpoika syntyi Sammallahden talossa vuonna 1722. H\u00e4n avioitui Matleena Laurintyt\u00e4r Hynyn (s. 1724) kanssa vuonna 1746. Tuoriniemen tilalle perhe muutti 1760-luvun alussa ja sai samalla nimekseen tilansa nimen. Vuonna 1792 vanha pariskunta muutti Saloisiin (nykyisen Raahen alueelle) Siniluodon tilalle kolmen nuorimman poikansa Eliaan, Kaapron ja Tapanin perheiden kanssa. Vanhin poika Lauri j\u00e4i Tuoriniemen is\u00e4nn\u00e4ksi. Is\u00e4-Elias ja Matleena kuolivat 1796. Pojat perheineen muuttivat pois Saloisista 1800-luvun alussa ja melkein kaikki heid\u00e4n lapsensa palasivat  Pyh\u00e4j\u00e4rvelle.<\/p>\n<p>Kantavanhempien esikoinen Reetta (1747-1824) avioitui Pekka Matinpoika Kauralan kanssa.   Kaikki Pyh\u00e4j\u00e4rven Kauraset ovat heid\u00e4n poikiensa j\u00e4lkel\u00e4isi\u00e4. Lis\u00e4tietoa suvusta l\u00f6ytyy Pyh\u00e4j\u00e4rven Kaurasten sukuseuran <a href=\"http:\/\/kauraset.weebly.com\">nettisivuilta<\/a>.  Reetan ja Pekan tyt\u00e4r Liisa (1785-1865) avioitui Hiski Paavonpoika Niskalan kanssa. Heid\u00e4n tytt\u00e4rens\u00e4 Anna on Kuusenm\u00e4en Rauhan suvun kanta\u00e4iti. Rauhan suku on yksi <a href=\"http:\/\/www.kemi.fi\/madetoja\/\">Madetojan suvun<\/a> haaroista. Annan veli Paavo Niskala muutti Komun taloon. H\u00e4n on puolestaan Komun suvun kantais\u00e4. Komun suvun Heittolan talon vaiheista kertoo V\u00e4in\u00f6 Komun kirja <a href=\"http:\/\/www.vainokomu.com\/kirjat\/heittopelto.html\">Heittopelto Heittola, Talon ja suurperheen vaiheet 1836-1932<\/a>.<\/p>\n<p>Nykyiset Tuoriniemet ovat Pyh\u00e4j\u00e4rvelle j\u00e4\u00e4neen Lauri Eliaanpojan ja Liisa Matintyt\u00e4r Kauralan j\u00e4lkel\u00e4isi\u00e4. Heid\u00e4n lapsistaan mainetta ker\u00e4si erityisesti kansanrunoilija <a href=\"http:\/\/www.kirjastovirma.net\/henkilogalleria\/Tuoriniemi_Elias\">Elias Laurinpoika Tuoriniemi<\/a> (1772-1840), jonka runoja julkaistiin mm. <a href=\"http:\/\/digi.lib.helsinki.fi\/sanomalehti\/secure\/showPage.html?conversationId=3&#038;action=entryPage&#038;id=415068\">Turun Wiikko-Sanomissa<\/a>. Elias Laurinpojan j\u00e4lkel\u00e4iset olivat tytt\u00e4ri\u00e4. Vain h\u00e4nen veljest\u00e4\u00e4n Pekasta alkavia poikalinjoja ylt\u00e4\u00e4 nykyp\u00e4iv\u00e4\u00e4n asti. Pekka Laurinpojan (1778-1837) ja Helena Matintyt\u00e4r Leskel\u00e4n j\u00e4lkel\u00e4isiss\u00e4 oli monia tunnettuja k\u00e4dentaitajia kuten poika, puukkosepp\u00e4 <a href=\"http:\/\/www.kirjastovirma.net\/henkilogalleria\/Tuoriniemi_Samuli\">Samuli Tuoriniemi<\/a> ja pojanpoika, kirkonrakentaja Samuli &#8221;Heinolan mestari&#8221; Tuoriniemi.<\/p>\n<p>Kantavanhempien tytt\u00e4ret Anna (1752-1824) ja Matleena (1757-1842) avioituivat Toivasen tilan veljesten kanssa. Heid\u00e4n j\u00e4lkel\u00e4isi\u00e4\u00e4n on suuri osa nykyisist\u00e4kin Pyh\u00e4j\u00e4rven Toivasista.<\/p>\n<p>Kantavanhempien pojista Elias Eliaanpoika (1759-1834) palasi Pyh\u00e4j\u00e4rvelle lesken\u00e4, kun h\u00e4nen vaimonsa Reetta Matintyt\u00e4r Kangasharju oli kuollut vuonna 1807. H\u00e4n eli viimeiset vuotensa Kuusenm\u00e4ell\u00e4 Heinosen talossa, jonne heid\u00e4n ainoa lapsensa Liisa Reetta oli tullut mini\u00e4ksi.<\/p>\n<p>Kaapro Eliaanpoika (1762-1808) kuoli Vihannissa Junnilan talossa, jonne perhe oli Saloisista muuttanut. Leski Liisa Heikintyt\u00e4r Hietala ja lapset Vihantiin avioitunutta Matleenaa lukuunottamatta  palasivat Pyh\u00e4j\u00e4rvelle. Elias-poika (1795-1830) muutti v\u00e4vyksi Liuskan taloon avioiduttuaan Anna Stiina Liuskan kanssa ja sai tavan mukaan talon nimen sukunimekseen. Heid\u00e4n j\u00e4lkel\u00e4isi\u00e4\u00e4n on osa Pyh\u00e4j\u00e4rven Liuskoista. Tyt\u00e4r Kaisa Liisa meni mini\u00e4ksi Vaskilammen taloon.<\/p>\n<p>Tapani Eliaanpoika (1764-1841) palasi perheineen Pyh\u00e4j\u00e4rvelle jo vuonna 1802. H\u00e4n asettui Vuohtom\u00e4elle Parvian eli Teusm\u00e4en taloon yhdess\u00e4 vaimonsa Maria Matintyt\u00e4r Leskel\u00e4n ja lastensa kanssa. T\u00e4m\u00e4 sukuhaara k\u00e4ytti sukunimen\u00e4\u00e4n Teusm\u00e4ke\u00e4. Tapanin ja Marian j\u00e4lkel\u00e4isi\u00e4 oli runsaasti sukunimill\u00e4 Teusm\u00e4ki ja R\u00f6yti\u00f6, mutta nykyp\u00e4iv\u00e4\u00e4n ylt\u00e4vi\u00e4 poikalinjoja ei ainakaan viel\u00e4 ole sukuseuran tiedossa. Tytt\u00e4rien kautta kulkevissa sukuhaaroissa on paljon mm. sukunime\u00e4 T\u00f6r\u00f6l\u00e4.<\/p>\n<p>Lis\u00e4tietoja l\u00f6ytyy <a href=\"http:\/\/www.tuoriniemensuku.fi\/?page_id=272\" title=\"Sukujuhla 2014\">vuoden 2014 sukujuhlien esityksist\u00e4<\/a>.<\/p>\n","protected":false},"excerpt":{"rendered":"<p>Tuoriniemen suvun kantais\u00e4 Elias Niilonpoika syntyi Sammallahden talossa vuonna 1722. H\u00e4n avioitui Matleena Laurintyt\u00e4r Hynyn (s. 1724) kanssa vuonna 1746. Tuoriniemen tilalle perhe muutti 1760-luvun alussa ja sai samalla nimekseen tilansa nimen. Vuonna 1792 vanha pariskunta muutti Saloisiin (nykyisen Raahen alueelle) Siniluodon tilalle kolmen nuorimman poikansa Eliaan, Kaapron ja Tapanin perheiden kanssa. Vanhin poika Lauri [&hellip;]<\/p>\n","protected":false},"author":1,"featured_media":0,"parent":0,"menu_order":7,"comment_status":"closed","ping_status":"closed","template":"","meta":{"footnotes":""},"_links":{"self":[{"href":"https:\/\/www.tuoriniemensuku.fi\/index.php?rest_route=\/wp\/v2\/pages\/46"}],"collection":[{"href":"https:\/\/www.tuoriniemensuku.fi\/index.php?rest_route=\/wp\/v2\/pages"}],"about":[{"href":"https:\/\/www.tuoriniemensuku.fi\/index.php?rest_route=\/wp\/v2\/types\/page"}],"author":[{"embeddable":true,"href":"https:\/\/www.tuoriniemensuku.fi\/index.php?rest_route=\/wp\/v2\/users\/1"}],"replies":[{"embeddable":true,"href":"https:\/\/www.tuoriniemensuku.fi\/index.php?rest_route=%2Fwp%2Fv2%2Fcomments&post=46"}],"version-history":[{"count":22,"href":"https:\/\/www.tuoriniemensuku.fi\/index.php?rest_route=\/wp\/v2\/pages\/46\/revisions"}],"predecessor-version":[{"id":307,"href":"https:\/\/www.tuoriniemensuku.fi\/index.php?rest_route=\/wp\/v2\/pages\/46\/revisions\/307"}],"wp:attachment":[{"href":"https:\/\/www.tuoriniemensuku.fi\/index.php?rest_route=%2Fwp%2Fv2%2Fmedia&parent=46"}],"curies":[{"name":"wp","href":"https:\/\/api.w.org\/{rel}","templated":true}]}}