{"id":48,"date":"2013-11-19T22:32:18","date_gmt":"2013-11-19T20:32:18","guid":{"rendered":"http:\/\/www.tuoriniemensuku.fi\/?page_id=48"},"modified":"2013-12-29T15:16:53","modified_gmt":"2013-12-29T13:16:53","slug":"sukututkimusrekisteriseloste","status":"publish","type":"page","link":"https:\/\/www.tuoriniemensuku.fi\/?page_id=48","title":{"rendered":"Sukututkimusrekisteri"},"content":{"rendered":"<p>Tuoriniemen sukuseura ry ker\u00e4\u00e4 rekisteriin tietoja sukuun kuuluvien el\u00e4m\u00e4st\u00e4. T\u00e4llaisia tietoja ovat esimerkiksi suvun j\u00e4senten t\u00e4rke\u00e4t p\u00e4iv\u00e4m\u00e4\u00e4r\u00e4t ja el\u00e4m\u00e4nvaiheet. Jokaisella rekisteriin kuuluvalla on oikeus tarkistaa itse\u00e4\u00e4n koskevat tiedot rekisterin kulloiseltakin yll\u00e4pit\u00e4j\u00e4lt\u00e4. T\u00e4sm\u00e4lliset tiedot rekisteriin ker\u00e4tt\u00e4vist\u00e4 tiedoista, tietojen hallinnoinnista sek\u00e4 rekisterin yll\u00e4pit\u00e4j\u00e4st\u00e4 l\u00f6ytyv\u00e4t <a href=\"http:\/\/www.tuoriniemensuku.fi\/wp-content\/uploads\/2013\/12\/STRS20122013.pdf\">sukututkimusrekisteriselosteesta<\/a> (pdf).<\/p>\n","protected":false},"excerpt":{"rendered":"<p>Tuoriniemen sukuseura ry ker\u00e4\u00e4 rekisteriin tietoja sukuun kuuluvien el\u00e4m\u00e4st\u00e4. T\u00e4llaisia tietoja ovat esimerkiksi suvun j\u00e4senten t\u00e4rke\u00e4t p\u00e4iv\u00e4m\u00e4\u00e4r\u00e4t ja el\u00e4m\u00e4nvaiheet. Jokaisella rekisteriin kuuluvalla on oikeus tarkistaa itse\u00e4\u00e4n koskevat tiedot rekisterin kulloiseltakin yll\u00e4pit\u00e4j\u00e4lt\u00e4. T\u00e4sm\u00e4lliset tiedot rekisteriin ker\u00e4tt\u00e4vist\u00e4 tiedoista, tietojen hallinnoinnista sek\u00e4 rekisterin yll\u00e4pit\u00e4j\u00e4st\u00e4 l\u00f6ytyv\u00e4t sukututkimusrekisteriselosteesta (pdf).<\/p>\n","protected":false},"author":1,"featured_media":0,"parent":46,"menu_order":0,"comment_status":"closed","ping_status":"closed","template":"","meta":{"footnotes":""},"_links":{"self":[{"href":"https:\/\/www.tuoriniemensuku.fi\/index.php?rest_route=\/wp\/v2\/pages\/48"}],"collection":[{"href":"https:\/\/www.tuoriniemensuku.fi\/index.php?rest_route=\/wp\/v2\/pages"}],"about":[{"href":"https:\/\/www.tuoriniemensuku.fi\/index.php?rest_route=\/wp\/v2\/types\/page"}],"author":[{"embeddable":true,"href":"https:\/\/www.tuoriniemensuku.fi\/index.php?rest_route=\/wp\/v2\/users\/1"}],"replies":[{"embeddable":true,"href":"https:\/\/www.tuoriniemensuku.fi\/index.php?rest_route=%2Fwp%2Fv2%2Fcomments&post=48"}],"version-history":[{"count":7,"href":"https:\/\/www.tuoriniemensuku.fi\/index.php?rest_route=\/wp\/v2\/pages\/48\/revisions"}],"predecessor-version":[{"id":219,"href":"https:\/\/www.tuoriniemensuku.fi\/index.php?rest_route=\/wp\/v2\/pages\/48\/revisions\/219"}],"up":[{"embeddable":true,"href":"https:\/\/www.tuoriniemensuku.fi\/index.php?rest_route=\/wp\/v2\/pages\/46"}],"wp:attachment":[{"href":"https:\/\/www.tuoriniemensuku.fi\/index.php?rest_route=%2Fwp%2Fv2%2Fmedia&parent=48"}],"curies":[{"name":"wp","href":"https:\/\/api.w.org\/{rel}","templated":true}]}}