{"id":8,"date":"2013-11-06T11:36:02","date_gmt":"2013-11-06T09:36:02","guid":{"rendered":"http:\/\/www.tuoriniemensuku.fi\/?page_id=8"},"modified":"2024-06-28T14:29:09","modified_gmt":"2024-06-28T11:29:09","slug":"ajankohtaista","status":"publish","type":"page","link":"https:\/\/www.tuoriniemensuku.fi\/?page_id=8","title":{"rendered":"Sukujuhla 2024"},"content":{"rendered":"<p>Tuoriniemen sukuseura pit\u00e4\u00e4 s\u00e4\u00e4nt\u00f6m\u00e4\u00e4r\u00e4isen vuosikokouksen ja sukujuhlan sunnuntaina 7.7.2024 klo 12 alkaen Pyh\u00e4j\u00e4rvell\u00e4, Honkavuoren Hiisituvalla, Kauko Tikkasen tie 28, 86800 Pyh\u00e4salmi.<\/p>\n<p>Ohjelma:<\/p>\n<p>&#8211; 12.00 Tervetuloa\/ sukuseuran pj. Matti Niemi<\/p>\n<p>&#8211; 12.05 Matleena Laurintyt\u00e4r o.s. Hyny 300 v, suvun historiaa yms\/Matti Niemi<\/p>\n<p>&#8211; 13.00 Ruokailu ja vapaata seurustelua<\/p>\n<p>&#8211; 14.00 Vuosikokous<\/p>\n<p>&#8211; 14.30 Tuorlaispuukko\/ suvun puukkosepp\u00e4 Timo K\u00e4hk\u00f6nen<\/p>\n<p>&#8211; 15.00 Puukkoarpajaiset<\/p>\n<p>&#8211; 15.10 Kahvit<\/p>\n<p>&#8211; 16.00 Hyv\u00e4\u00e4 kotimatkaa<\/p>\n<p>Ruokailun hinta<\/p>\n<p>&#8211; j\u00e4senet 10 \u20ac, ei-j\u00e4senet 20 \u20ac, lapset 6\u201315 v. 10 \u20ac, 0\u20135 v. ilmaiseksi. Varaathan tasarahan.<\/p>\n<p>Ruokailun j\u00e4rjest\u00e4mist\u00e4 varten sukujuhlille<b> tulee ilmoittautua viimeist\u00e4\u00e4n perjantaina 28.6.2024<\/b> Henni R\u00f6ng\u00e4lle puhelimitse tai viestill\u00e4 040 082 0348. Kerrothan my\u00f6s mahdolliset ruoka-aineallergiat.<\/p>\n","protected":false},"excerpt":{"rendered":"<p>Tuoriniemen sukuseura pit\u00e4\u00e4 s\u00e4\u00e4nt\u00f6m\u00e4\u00e4r\u00e4isen vuosikokouksen ja sukujuhlan sunnuntaina 7.7.2024 klo 12 alkaen Pyh\u00e4j\u00e4rvell\u00e4, Honkavuoren Hiisituvalla, Kauko Tikkasen tie 28, 86800 Pyh\u00e4salmi. Ohjelma: &#8211; 12.00 Tervetuloa\/ sukuseuran pj. Matti Niemi &#8211; 12.05 Matleena Laurintyt\u00e4r o.s. Hyny 300 v, suvun historiaa yms\/Matti Niemi &#8211; 13.00 Ruokailu ja vapaata seurustelua &#8211; 14.00 Vuosikokous &#8211; 14.30 Tuorlaispuukko\/ suvun puukkosepp\u00e4 [&hellip;]<\/p>\n","protected":false},"author":1,"featured_media":0,"parent":0,"menu_order":0,"comment_status":"closed","ping_status":"closed","template":"","meta":{"footnotes":""},"_links":{"self":[{"href":"https:\/\/www.tuoriniemensuku.fi\/index.php?rest_route=\/wp\/v2\/pages\/8"}],"collection":[{"href":"https:\/\/www.tuoriniemensuku.fi\/index.php?rest_route=\/wp\/v2\/pages"}],"about":[{"href":"https:\/\/www.tuoriniemensuku.fi\/index.php?rest_route=\/wp\/v2\/types\/page"}],"author":[{"embeddable":true,"href":"https:\/\/www.tuoriniemensuku.fi\/index.php?rest_route=\/wp\/v2\/users\/1"}],"replies":[{"embeddable":true,"href":"https:\/\/www.tuoriniemensuku.fi\/index.php?rest_route=%2Fwp%2Fv2%2Fcomments&post=8"}],"version-history":[{"count":28,"href":"https:\/\/www.tuoriniemensuku.fi\/index.php?rest_route=\/wp\/v2\/pages\/8\/revisions"}],"predecessor-version":[{"id":478,"href":"https:\/\/www.tuoriniemensuku.fi\/index.php?rest_route=\/wp\/v2\/pages\/8\/revisions\/478"}],"wp:attachment":[{"href":"https:\/\/www.tuoriniemensuku.fi\/index.php?rest_route=%2Fwp%2Fv2%2Fmedia&parent=8"}],"curies":[{"name":"wp","href":"https:\/\/api.w.org\/{rel}","templated":true}]}}